{"id":539,"date":"2024-08-29T15:00:44","date_gmt":"2024-08-29T13:00:44","guid":{"rendered":"https:\/\/www.trisplay.ch\/?page_id=539"},"modified":"2025-03-26T14:24:34","modified_gmt":"2025-03-26T13:24:34","slug":"kontakt","status":"publish","type":"page","link":"https:\/\/www.trisplay.ch\/de\/kontakt\/","title":{"rendered":"Kontakt"},"content":{"rendered":"<div id='av_section_1'  class='avia-section av-opn33-724d9d374596d8ea23e32682c5094897 main_color avia-section-default avia-no-border-styling  avia-builder-el-0  avia-builder-el-no-sibling  avia-bg-style-scroll container_wrap fullsize'  ><div class='container av-section-cont-open' ><main  role=\"main\" itemprop=\"mainContentOfPage\"  class='template-page content  av-content-full alpha units'><div class='post-entry post-entry-type-page post-entry-539'><div class='entry-content-wrapper clearfix'>\n<div  class='flex_column av-ju56n-9ac989f38293cb4af31bb5c6d2304386 av_two_third  avia-builder-el-1  el_before_av_one_third  avia-builder-el-first  first flex_column_div  '     ><p>\n<style type=\"text\/css\" data-created_by=\"avia_inline_auto\" id=\"style-css-av-m0nk3hp0-cc910c913e661f6a636fd4ad3ed70651\">\n#top .av-special-heading.av-m0nk3hp0-cc910c913e661f6a636fd4ad3ed70651{\npadding-bottom:10px;\n}\nbody .av-special-heading.av-m0nk3hp0-cc910c913e661f6a636fd4ad3ed70651 .av-special-heading-tag .heading-char{\nfont-size:25px;\n}\n.av-special-heading.av-m0nk3hp0-cc910c913e661f6a636fd4ad3ed70651 .av-subheading{\nfont-size:15px;\n}\n<\/style>\n<div  class='av-special-heading av-m0nk3hp0-cc910c913e661f6a636fd4ad3ed70651 av-special-heading-h1 blockquote modern-quote  avia-builder-el-2  el_before_av_heading  avia-builder-el-first '><h1 class='av-special-heading-tag '  itemprop=\"headline\"  >Kontakt<\/h1><div class=\"special-heading-border\"><div class=\"special-heading-inner-border\"><\/div><\/div><\/div><br \/>\n\n<style type=\"text\/css\" data-created_by=\"avia_inline_auto\" id=\"style-css-av-m0nk5zdr-dc8960a722130ed51b483211c68e57ce\">\n#top .av-special-heading.av-m0nk5zdr-dc8960a722130ed51b483211c68e57ce{\npadding-bottom:10px;\n}\nbody .av-special-heading.av-m0nk5zdr-dc8960a722130ed51b483211c68e57ce .av-special-heading-tag .heading-char{\nfont-size:25px;\n}\n.av-special-heading.av-m0nk5zdr-dc8960a722130ed51b483211c68e57ce .av-subheading{\nfont-size:15px;\n}\n<\/style>\n<div  class='av-special-heading av-m0nk5zdr-dc8960a722130ed51b483211c68e57ce av-special-heading-h2 blockquote modern-quote  avia-builder-el-3  el_after_av_heading  el_before_av_codeblock '><h2 class='av-special-heading-tag '  itemprop=\"headline\"  >Kontaktformular<\/h2><div class=\"special-heading-border\"><div class=\"special-heading-inner-border\"><\/div><\/div><\/div><br \/>\n<\/p><\/div>\n<style type=\"text\/css\" data-created_by=\"avia_inline_auto\" id=\"style-css-av-7v8u7-d4ea6bcc004fe3f6ef79e987d206ca8f\">\n@keyframes av_boxShadowEffect_av-7v8u7-d4ea6bcc004fe3f6ef79e987d206ca8f-column {\n0%   { box-shadow:  0 0 0 0 rgba(0,0,0,0.2); opacity: 1; }\n100% { box-shadow:  0 0 20px 0 rgba(0,0,0,0.2); opacity: 1; }\n}\n.flex_column.av-7v8u7-d4ea6bcc004fe3f6ef79e987d206ca8f{\nbox-shadow: 0 0 20px 0 rgba(0,0,0,0.2);\nborder-radius:20px 20px 20px 20px;\npadding:40px 40px 40px 40px;\nbackground:url(https:\/\/www.trisplay.ch\/wp\/wp-content\/uploads\/2024\/08\/fond_brochure_10-1030x577.png) 50% 50% no-repeat scroll ;\n}\n<\/style>\n<div  class='flex_column av-7v8u7-d4ea6bcc004fe3f6ef79e987d206ca8f av_one_third  avia-builder-el-5  el_after_av_two_third  avia-builder-el-last  trs-sticky-col flex_column_div shadow-not-animated avia-full-stretch  '     ><article  class='iconbox iconbox_left_content av-m0nk820w-60c760a70b0463b0f0d20f7b1bf5b33b av-icon-style-no-border  avia-builder-el-6  el_before_av_icon_box  avia-builder-el-first '  itemscope=\"itemscope\" itemtype=\"https:\/\/schema.org\/CreativeWork\" ><div class=\"iconbox_icon heading-color\" aria-hidden='true' data-av_icon='\ue810' data-av_iconfont='linecons'><\/div><div class=\"iconbox_content\"><header class=\"entry-content-header\"><h3 class='iconbox_content_title '  itemprop=\"headline\" >Tris Informatique S\u00e0rl<\/h3><\/header><div class='iconbox_content_container '  itemprop=\"text\" ><div class=\"textwidget custom-html-widget\">\n<div id=\"footer-address\">\n<p>Av. des Baumettes 5<br \/>\n1020 Renens<\/p>\n<\/div>\n<\/div>\n<\/div><\/div><footer class=\"entry-footer\"><\/footer><\/article><br \/>\n<article  class='iconbox iconbox_left_content av-m0nk95p7-cea84ef20e65b030da7f79278ce1d1b1 av-icon-style-no-border  avia-builder-el-7  el_after_av_icon_box  el_before_av_icon_box '  itemscope=\"itemscope\" itemtype=\"https:\/\/schema.org\/CreativeWork\" ><div class=\"iconbox_icon heading-color\" aria-hidden='true' data-av_icon='\ue81d' data-av_iconfont='linecons'><\/div><div class=\"iconbox_content\"><header class=\"entry-content-header\"><h3 class='iconbox_content_title '  itemprop=\"headline\" ><a href=\"tel:+41 21 635 55 40\">+41 21 635 55 40<\/a><\/h3><\/header><div class='iconbox_content_container '  itemprop=\"text\" ><\/div><\/div><footer class=\"entry-footer\"><\/footer><\/article><br \/>\n<article  class='iconbox iconbox_left_content av-m0nk9sg0-e855bd82b16a0a540685d1748803724e av-icon-style-no-border  avia-builder-el-8  el_after_av_icon_box  avia-builder-el-last '  itemscope=\"itemscope\" itemtype=\"https:\/\/schema.org\/CreativeWork\" ><div class=\"iconbox_icon heading-color\" aria-hidden='true' data-av_icon='\ue802' data-av_iconfont='linecons'><\/div><div class=\"iconbox_content\"><header class=\"entry-content-header\"><h3 class='iconbox_content_title '  itemprop=\"headline\" ><a href=\"mailto:info@trisplay.ch\">info@trisplay.ch<\/a><\/h3><\/header><div class='iconbox_content_container '  itemprop=\"text\" ><\/div><\/div><footer class=\"entry-footer\"><\/footer><\/article><\/p><\/div>\n","protected":false},"excerpt":{"rendered":"","protected":false},"author":1,"featured_media":0,"parent":0,"menu_order":0,"comment_status":"closed","ping_status":"closed","template":"","meta":{"_acf_changed":false,"footnotes":""},"class_list":["post-539","page","type-page","status-publish","hentry"],"acf":[],"yoast_head":"<!-- This site is optimized with the Yoast SEO plugin v23.4 - https:\/\/yoast.com\/wordpress\/plugins\/seo\/ -->\n<title>Trisplay Kontakt | Dienstleistungen in Lausanne und Genf | Kontaktieren Sie uns<\/title>\n<meta name=\"description\" content=\"Kontaktieren Sie Trisplay f\u00fcr unsere Dienstleistungen in Lausanne und Genf. Unser Team steht Ihnen zur Verf\u00fcgung, um auf Ihre Bed\u00fcrfnisse einzugehen. Finden Sie hier unsere Kontaktdaten und das Kontaktformular.\" \/>\n<meta name=\"robots\" content=\"index, follow, max-snippet:-1, max-image-preview:large, max-video-preview:-1\" \/>\n<link rel=\"canonical\" href=\"https:\/\/www.trisplay.ch\/de\/kontakt\/\" \/>\n<meta property=\"og:locale\" content=\"de_DE\" \/>\n<meta property=\"og:type\" content=\"article\" \/>\n<meta property=\"og:title\" content=\"Trisplay Kontakt | Dienstleistungen in Lausanne und Genf | Kontaktieren Sie uns\" \/>\n<meta property=\"og:description\" content=\"Kontaktieren Sie Trisplay f\u00fcr unsere Dienstleistungen in Lausanne und Genf. Unser Team steht Ihnen zur Verf\u00fcgung, um auf Ihre Bed\u00fcrfnisse einzugehen. Finden Sie hier unsere Kontaktdaten und das Kontaktformular.\" \/>\n<meta property=\"og:url\" content=\"https:\/\/www.trisplay.ch\/de\/kontakt\/\" \/>\n<meta property=\"og:site_name\" content=\"Tris Play\" \/>\n<meta property=\"article:modified_time\" content=\"2025-03-26T13:24:34+00:00\" \/>\n<meta property=\"og:image\" content=\"https:\/\/www.trisplay.ch\/wp\/wp-content\/uploads\/2024\/09\/Removal-870-Copie.png\" \/>\n\t<meta property=\"og:image:width\" content=\"600\" \/>\n\t<meta property=\"og:image:height\" content=\"600\" \/>\n\t<meta property=\"og:image:type\" content=\"image\/png\" \/>\n<meta name=\"twitter:card\" content=\"summary_large_image\" \/>\n<meta name=\"twitter:label1\" content=\"Est. reading time\" \/>\n\t<meta name=\"twitter:data1\" content=\"1 minute\" \/>\n<script type=\"application\/ld+json\" class=\"yoast-schema-graph\">{\"@context\":\"https:\/\/schema.org\",\"@graph\":[{\"@type\":\"WebPage\",\"@id\":\"https:\/\/www.trisplay.ch\/de\/kontakt\/\",\"url\":\"https:\/\/www.trisplay.ch\/de\/kontakt\/\",\"name\":\"Trisplay Kontakt | Dienstleistungen in Lausanne und Genf | Kontaktieren Sie uns\",\"isPartOf\":{\"@id\":\"https:\/\/www.trisplay.ch\/de\/#website\"},\"datePublished\":\"2024-08-29T13:00:44+00:00\",\"dateModified\":\"2025-03-26T13:24:34+00:00\",\"description\":\"Kontaktieren Sie Trisplay f\u00fcr unsere Dienstleistungen in Lausanne und Genf. Unser Team steht Ihnen zur Verf\u00fcgung, um auf Ihre Bed\u00fcrfnisse einzugehen. Finden Sie hier unsere Kontaktdaten und das Kontaktformular.\",\"breadcrumb\":{\"@id\":\"https:\/\/www.trisplay.ch\/de\/kontakt\/#breadcrumb\"},\"inLanguage\":\"de-DE\",\"potentialAction\":[{\"@type\":\"ReadAction\",\"target\":[\"https:\/\/www.trisplay.ch\/de\/kontakt\/\"]}]},{\"@type\":\"BreadcrumbList\",\"@id\":\"https:\/\/www.trisplay.ch\/de\/kontakt\/#breadcrumb\",\"itemListElement\":[{\"@type\":\"ListItem\",\"position\":1,\"name\":\"Accueil\",\"item\":\"https:\/\/www.trisplay.ch\/de\/startseite\/\"},{\"@type\":\"ListItem\",\"position\":2,\"name\":\"Kontakt\"}]},{\"@type\":\"WebSite\",\"@id\":\"https:\/\/www.trisplay.ch\/de\/#website\",\"url\":\"https:\/\/www.trisplay.ch\/de\/\",\"name\":\"Tris Play\",\"description\":\"Ihre Inhalte auf allen Bildschirmen in einem Augenblick\",\"publisher\":{\"@id\":\"https:\/\/www.trisplay.ch\/de\/#organization\"},\"potentialAction\":[{\"@type\":\"SearchAction\",\"target\":{\"@type\":\"EntryPoint\",\"urlTemplate\":\"https:\/\/www.trisplay.ch\/de\/?s={search_term_string}\"},\"query-input\":{\"@type\":\"PropertyValueSpecification\",\"valueRequired\":true,\"valueName\":\"search_term_string\"}}],\"inLanguage\":\"de-DE\"},{\"@type\":\"Organization\",\"@id\":\"https:\/\/www.trisplay.ch\/de\/#organization\",\"name\":\"Tris Informatique\",\"alternateName\":\"Tris\",\"url\":\"https:\/\/www.trisplay.ch\/de\/\",\"logo\":{\"@type\":\"ImageObject\",\"inLanguage\":\"de-DE\",\"@id\":\"https:\/\/www.trisplay.ch\/de\/#\/schema\/logo\/image\/\",\"url\":\"https:\/\/www.trisplay.ch\/wp\/wp-content\/uploads\/2025\/05\/logo-Tris-.png\",\"contentUrl\":\"https:\/\/www.trisplay.ch\/wp\/wp-content\/uploads\/2025\/05\/logo-Tris-.png\",\"width\":300,\"height\":243,\"caption\":\"Tris Informatique\"},\"image\":{\"@id\":\"https:\/\/www.trisplay.ch\/de\/#\/schema\/logo\/image\/\"}}]}<\/script>\n<!-- \/ Yoast SEO plugin. -->","yoast_head_json":{"title":"Trisplay Kontakt | Dienstleistungen in Lausanne und Genf | Kontaktieren Sie uns","description":"Kontaktieren Sie Trisplay f\u00fcr unsere Dienstleistungen in Lausanne und Genf. Unser Team steht Ihnen zur Verf\u00fcgung, um auf Ihre Bed\u00fcrfnisse einzugehen. Finden Sie hier unsere Kontaktdaten und das Kontaktformular.","robots":{"index":"index","follow":"follow","max-snippet":"max-snippet:-1","max-image-preview":"max-image-preview:large","max-video-preview":"max-video-preview:-1"},"canonical":"https:\/\/www.trisplay.ch\/de\/kontakt\/","og_locale":"de_DE","og_type":"article","og_title":"Trisplay Kontakt | Dienstleistungen in Lausanne und Genf | Kontaktieren Sie uns","og_description":"Kontaktieren Sie Trisplay f\u00fcr unsere Dienstleistungen in Lausanne und Genf. Unser Team steht Ihnen zur Verf\u00fcgung, um auf Ihre Bed\u00fcrfnisse einzugehen. Finden Sie hier unsere Kontaktdaten und das Kontaktformular.","og_url":"https:\/\/www.trisplay.ch\/de\/kontakt\/","og_site_name":"Tris Play","article_modified_time":"2025-03-26T13:24:34+00:00","og_image":[{"width":600,"height":600,"url":"https:\/\/www.trisplay.ch\/wp\/wp-content\/uploads\/2024\/09\/Removal-870-Copie.png","type":"image\/png"}],"twitter_card":"summary_large_image","twitter_misc":{"Est. reading time":"1 minute"},"schema":{"@context":"https:\/\/schema.org","@graph":[{"@type":"WebPage","@id":"https:\/\/www.trisplay.ch\/de\/kontakt\/","url":"https:\/\/www.trisplay.ch\/de\/kontakt\/","name":"Trisplay Kontakt | Dienstleistungen in Lausanne und Genf | Kontaktieren Sie uns","isPartOf":{"@id":"https:\/\/www.trisplay.ch\/de\/#website"},"datePublished":"2024-08-29T13:00:44+00:00","dateModified":"2025-03-26T13:24:34+00:00","description":"Kontaktieren Sie Trisplay f\u00fcr unsere Dienstleistungen in Lausanne und Genf. Unser Team steht Ihnen zur Verf\u00fcgung, um auf Ihre Bed\u00fcrfnisse einzugehen. Finden Sie hier unsere Kontaktdaten und das Kontaktformular.","breadcrumb":{"@id":"https:\/\/www.trisplay.ch\/de\/kontakt\/#breadcrumb"},"inLanguage":"de-DE","potentialAction":[{"@type":"ReadAction","target":["https:\/\/www.trisplay.ch\/de\/kontakt\/"]}]},{"@type":"BreadcrumbList","@id":"https:\/\/www.trisplay.ch\/de\/kontakt\/#breadcrumb","itemListElement":[{"@type":"ListItem","position":1,"name":"Accueil","item":"https:\/\/www.trisplay.ch\/de\/startseite\/"},{"@type":"ListItem","position":2,"name":"Kontakt"}]},{"@type":"WebSite","@id":"https:\/\/www.trisplay.ch\/de\/#website","url":"https:\/\/www.trisplay.ch\/de\/","name":"Tris Play","description":"Ihre Inhalte auf allen Bildschirmen in einem Augenblick","publisher":{"@id":"https:\/\/www.trisplay.ch\/de\/#organization"},"potentialAction":[{"@type":"SearchAction","target":{"@type":"EntryPoint","urlTemplate":"https:\/\/www.trisplay.ch\/de\/?s={search_term_string}"},"query-input":{"@type":"PropertyValueSpecification","valueRequired":true,"valueName":"search_term_string"}}],"inLanguage":"de-DE"},{"@type":"Organization","@id":"https:\/\/www.trisplay.ch\/de\/#organization","name":"Tris Informatique","alternateName":"Tris","url":"https:\/\/www.trisplay.ch\/de\/","logo":{"@type":"ImageObject","inLanguage":"de-DE","@id":"https:\/\/www.trisplay.ch\/de\/#\/schema\/logo\/image\/","url":"https:\/\/www.trisplay.ch\/wp\/wp-content\/uploads\/2025\/05\/logo-Tris-.png","contentUrl":"https:\/\/www.trisplay.ch\/wp\/wp-content\/uploads\/2025\/05\/logo-Tris-.png","width":300,"height":243,"caption":"Tris Informatique"},"image":{"@id":"https:\/\/www.trisplay.ch\/de\/#\/schema\/logo\/image\/"}}]}},"_links":{"self":[{"href":"https:\/\/www.trisplay.ch\/de\/wp-json\/wp\/v2\/pages\/539","targetHints":{"allow":["GET"]}}],"collection":[{"href":"https:\/\/www.trisplay.ch\/de\/wp-json\/wp\/v2\/pages"}],"about":[{"href":"https:\/\/www.trisplay.ch\/de\/wp-json\/wp\/v2\/types\/page"}],"author":[{"embeddable":true,"href":"https:\/\/www.trisplay.ch\/de\/wp-json\/wp\/v2\/users\/1"}],"replies":[{"embeddable":true,"href":"https:\/\/www.trisplay.ch\/de\/wp-json\/wp\/v2\/comments?post=539"}],"version-history":[{"count":1,"href":"https:\/\/www.trisplay.ch\/de\/wp-json\/wp\/v2\/pages\/539\/revisions"}],"predecessor-version":[{"id":540,"href":"https:\/\/www.trisplay.ch\/de\/wp-json\/wp\/v2\/pages\/539\/revisions\/540"}],"wp:attachment":[{"href":"https:\/\/www.trisplay.ch\/de\/wp-json\/wp\/v2\/media?parent=539"}],"curies":[{"name":"wp","href":"https:\/\/api.w.org\/{rel}","templated":true}]}}