{"id":529,"date":"2024-08-29T15:00:09","date_gmt":"2024-08-29T13:00:09","guid":{"rendered":"https:\/\/www.trisplay.ch\/?page_id=529"},"modified":"2025-05-05T10:30:45","modified_gmt":"2025-05-05T08:30:45","slug":"anwendungsfaelle","status":"publish","type":"page","link":"https:\/\/www.trisplay.ch\/de\/anwendungsfaelle\/","title":{"rendered":"Anwendungsf\u00e4lle"},"content":{"rendered":"<div id='revolutionslider_1'  class='avia-layerslider avia-revolutionslider main_color avia-shadow  avia-builder-el-0  el_before_av_section  avia-builder-el-first   container_wrap fullsize'  >\n\t\t\t\t<p class=\"rs-p-wp-fix\"><\/p>\n\t\t\t\t<sr7-module data-alias=\"destinations-card-slider\" data-id=\"7\" id=\"SR7_7_1\" class=\"rs-respect-topbar rs-ov-hidden\" data-version=\"6.7.18\">\n\t\t\t\t\t<sr7-adjuster><\/sr7-adjuster>\n\t\t\t\t\t<sr7-content>\n\t\t\t\t\t\t<sr7-slide id=\"SR7_7_1-32\" data-key=\"32\">\n\t\t\t\t\t\t\t<sr7-txt id=\"SR7_7_1-32-6\" class=\"sr7-layer\"><i class=\"fa-map-marker\"><\/i><\/sr7-txt>\n\t\t\t\t\t\t\t<sr7-txt id=\"SR7_7_1-32-8\" class=\"sr7-layer\">Verbessern Sie das Kunden- und Patientenerlebnis mit nur wenigen Klicks<\/sr7-txt>\n\t\t\t\t\t\t\t<h1 id=\"SR7_7_1-32-9\" class=\"sr7-layer\">Bildschir-mverwaltung<br \/>\nEmpfang & Rezeption<\/h1>\n\t\t\t\t\t\t\t<sr7-txt id=\"SR7_7_1-32-14\" class=\"sr7-layer\"><i class=\"fa-map-marker\"><\/i><\/sr7-txt>\n\t\t\t\t\t\t\t<sr7-txt id=\"SR7_7_1-32-15\" class=\"sr7-layer\">Praxis<\/sr7-txt>\n\t\t\t\t\t\t\t<sr7-txt id=\"SR7_7_1-32-21\" class=\"sr7-layer\"><i class=\"fa-map-marker\"><\/i><\/sr7-txt>\n\t\t\t\t\t\t\t<sr7-txt id=\"SR7_7_1-32-22\" class=\"sr7-layer\">Unternehmen<\/sr7-txt>\n\t\t\t\t\t\t\t<sr7-txt id=\"SR7_7_1-32-26\" class=\"sr7-layer\">Hotel<\/sr7-txt>\n\t\t\t\t\t\t\t<sr7-txt id=\"SR7_7_1-32-32\" class=\"sr7-layer\">Empfangsbereich<\/sr7-txt>\n\t\t\t\t\t\t\t<sr7-txt id=\"SR7_7_1-32-34\" class=\"sr7-layer\">Rezeption<\/sr7-txt>\n\t\t\t\t\t\t\t<sr7-txt id=\"SR7_7_1-32-40\" class=\"sr7-layer\">Raum<\/sr7-txt>\n\t\t\t\t\t\t<\/sr7-slide>\n\t\t\t\t\t\t<sr7-slide id=\"SR7_7_1-33\" data-key=\"33\">\n\t\t\t\t\t\t\t<sr7-txt id=\"SR7_7_1-33-6\" class=\"sr7-layer\"><i class=\"fa-map-marker\"><\/i><\/sr7-txt>\n\t\t\t\t\t\t\t<sr7-txt id=\"SR7_7_1-33-8\" class=\"sr7-layer\">Erstellen Sie dynamische Men\u00fcs und passen Sie sie in Echtzeit an, um t\u00e4gliche oder saisonale \u00c4nderungen widerzuspiegeln. Restaurants k\u00f6nnen Sonderangebote, Tagesgerichte oder sogar bevorstehende Events bewerben \u2013 und dabei ihre Kunden visuell begeistern.<\/sr7-txt>\n\t\t\t\t\t\t\t<sr7-txt id=\"SR7_7_1-33-9\" class=\"sr7-layer\">Gastronomie<\/sr7-txt>\n\t\t\t\t\t\t\t<sr7-txt id=\"SR7_7_1-33-14\" class=\"sr7-layer\"><i class=\"fa-map-marker\"><\/i><\/sr7-txt>\n\t\t\t\t\t\t\t<sr7-txt id=\"SR7_7_1-33-15\" class=\"sr7-layer\">Pflegeheim<\/sr7-txt>\n\t\t\t\t\t\t\t<sr7-txt id=\"SR7_7_1-33-21\" class=\"sr7-layer\"><i class=\"fa-map-marker\"><\/i><\/sr7-txt>\n\t\t\t\t\t\t\t<sr7-txt id=\"SR7_7_1-33-22\" class=\"sr7-layer\">Unternehmen<\/sr7-txt>\n\t\t\t\t\t\t\t<sr7-txt id=\"SR7_7_1-33-26\" class=\"sr7-layer\">Restaurant<\/sr7-txt>\n\t\t\t\t\t\t\t<sr7-txt id=\"SR7_7_1-33-32\" class=\"sr7-layer\">Raum<\/sr7-txt>\n\t\t\t\t\t\t\t<sr7-txt id=\"SR7_7_1-33-34\" class=\"sr7-layer\">Gastraum<\/sr7-txt>\n\t\t\t\t\t\t\t<sr7-txt id=\"SR7_7_1-33-40\" class=\"sr7-layer\">Kantine<\/sr7-txt>\n\t\t\t\t\t\t<\/sr7-slide>\n\t\t\t\t\t\t<sr7-slide id=\"SR7_7_1-34\" data-key=\"34\">\n\t\t\t\t\t\t\t<sr7-txt id=\"SR7_7_1-34-6\" class=\"sr7-layer\"><i class=\"fa-map-marker\"><\/i><\/sr7-txt>\n\t\t\t\t\t\t\t<sr7-txt id=\"SR7_7_1-34-8\" class=\"sr7-layer\">Nutzen Sie TrisPlay, um wichtige interne Nachrichten zu verbreiten, wie z. B. Besprechungsank\u00fcndigungen, Sicherheitsalarme oder Mitarbeiterinformationen. Die Bildschirme k\u00f6nnen auch Echtzeitdaten anzeigen, wie Leistungsindikatoren oder Teampl\u00e4ne. Dies f\u00f6rdert die Transparenz und das Engagement innerhalb des Unternehmens.<\/sr7-txt>\n\t\t\t\t\t\t\t<sr7-txt id=\"SR7_7_1-34-9\" class=\"sr7-layer\">Interne Kommunikation<\/sr7-txt>\n\t\t\t\t\t\t\t<sr7-txt id=\"SR7_7_1-34-14\" class=\"sr7-layer\"><i class=\"fa-map-marker\"><\/i><\/sr7-txt>\n\t\t\t\t\t\t\t<sr7-txt id=\"SR7_7_1-34-15\" class=\"sr7-layer\">Gesellschaft<\/sr7-txt>\n\t\t\t\t\t\t\t<sr7-txt id=\"SR7_7_1-34-21\" class=\"sr7-layer\"><i class=\"fa-map-marker\"><\/i><\/sr7-txt>\n\t\t\t\t\t\t\t<sr7-txt id=\"SR7_7_1-34-22\" class=\"sr7-layer\">Pflegeheim<\/sr7-txt>\n\t\t\t\t\t\t\t<sr7-txt id=\"SR7_7_1-34-26\" class=\"sr7-layer\">Unternehmen<\/sr7-txt>\n\t\t\t\t\t\t\t<sr7-txt id=\"SR7_7_1-34-32\" class=\"sr7-layer\">Flur<\/sr7-txt>\n\t\t\t\t\t\t\t<sr7-txt id=\"SR7_7_1-34-34\" class=\"sr7-layer\">B\u00fcro <\/sr7-txt>\n\t\t\t\t\t\t\t<sr7-txt id=\"SR7_7_1-34-40\" class=\"sr7-layer\">Personalraum<\/sr7-txt>\n\t\t\t\t\t\t<\/sr7-slide>\n\t\t\t\t\t\t<sr7-slide id=\"SR7_7_1-35\" data-key=\"35\">\n\t\t\t\t\t\t\t<sr7-txt id=\"SR7_7_1-35-6\" class=\"sr7-layer\"><i class=\"fa-map-marker\"><\/i><\/sr7-txt>\n\t\t\t\t\t\t\t<sr7-txt id=\"SR7_7_1-35-8\" class=\"sr7-layer\">Verbessern Sie das Kundenerlebnis in Ihren Gesch\u00e4ften oder Unternehmen, indem Sie Werbeaktionen, exklusive Angebote oder gezielte Marketingbotschaften anzeigen. Trisplay erm\u00f6glicht es, die Anzeige anzupassen, um die Aufmerksamkeit der Kunden zu gewinnen und den Verkauf zu steigern.<\/sr7-txt>\n\t\t\t\t\t\t\t<sr7-txt id=\"SR7_7_1-35-9\" class=\"sr7-layer\">Externe Interaktionen<\/sr7-txt>\n\t\t\t\t\t\t\t<sr7-txt id=\"SR7_7_1-35-14\" class=\"sr7-layer\"><i class=\"fa-map-marker\"><\/i><\/sr7-txt>\n\t\t\t\t\t\t\t<sr7-txt id=\"SR7_7_1-35-15\" class=\"sr7-layer\">Fitness<\/sr7-txt>\n\t\t\t\t\t\t\t<sr7-txt id=\"SR7_7_1-35-21\" class=\"sr7-layer\"><i class=\"fa-map-marker\"><\/i><\/sr7-txt>\n\t\t\t\t\t\t\t<sr7-txt id=\"SR7_7_1-35-22\" class=\"sr7-layer\">Gesch\u00e4ft<\/sr7-txt>\n\t\t\t\t\t\t\t<sr7-txt id=\"SR7_7_1-35-26\" class=\"sr7-layer\">Unternehmen<\/sr7-txt>\n\t\t\t\t\t\t\t<sr7-txt id=\"SR7_7_1-35-32\" class=\"sr7-layer\">Eingang <\/sr7-txt>\n\t\t\t\t\t\t\t<sr7-txt id=\"SR7_7_1-35-34\" class=\"sr7-layer\">Raum<\/sr7-txt>\n\t\t\t\t\t\t\t<sr7-txt id=\"SR7_7_1-35-40\" class=\"sr7-layer\">Ladenfassade<\/sr7-txt>\n\t\t\t\t\t\t<\/sr7-slide>\n\t\t\t\t\t\t<sr7-slide id=\"SR7_7_1-27\" data-key=\"27\">\n\t\t\t\t\t\t\t<sr7-txt id=\"SR7_7_1-27-38\" class=\"sr7-layer\">Cas d'utilisations<\/sr7-txt>\n\t\t\t\t\t\t\t<sr7-txt id=\"SR7_7_1-27-43\" class=\"sr7-layer\"><i class=\"fa-angle-left\"><\/i><\/sr7-txt>\n\t\t\t\t\t\t\t<sr7-txt id=\"SR7_7_1-27-44\" class=\"sr7-layer\"><i class=\"fa-angle-right\"><\/i><\/sr7-txt>\n\t\t\t\t\t\t\t<sr7-txt id=\"SR7_7_1-27-47\" class=\"sr7-layer\">0{{current_slide_index}}<\/sr7-txt>\n\t\t\t\t\t\t\t<sr7-txt id=\"SR7_7_1-27-48\" class=\"sr7-layer\">\/<\/sr7-txt>\n\t\t\t\t\t\t\t<sr7-txt id=\"SR7_7_1-27-49\" class=\"sr7-layer\">0{{total_slide_count}}<\/sr7-txt>\n\t\t\t\t\t\t<\/sr7-slide>\n\t\t\t\t\t<\/sr7-content>\n\t\t\t\t\t<image_lists style=\"display:none\">\n\t\t\t\t\t\t<img data-src=\"\/\/www.trisplay.ch\/wp\/wp-content\/uploads\/2024\/09\/Yodeck-medical\uf021.jpg\" data-libid=\"146\" title=\"Yodeck M\u00e9dical\uf021\" width=\"0\" height=\"0\" data-dbsrc=\"Ly93d3cudHJpc3BsYXkuY2gvd3Avd3AtY29udGVudC91cGxvYWRzLzIwMjQvMDkvWW9kZWNrLW1lZGljYWzvgKEuanBn\"\/>\n\t\t\t\t\t\t<img data-src=\"\/\/www.trisplay.ch\/wp\/wp-content\/uploads\/2024\/10\/Trisplay_bureau_conference.jpg\" data-libid=\"306\" title=\"Trisplay Bureau Confe\u0301rence\" width=\"0\" height=\"0\" data-dbsrc=\"Ly93d3cudHJpc3BsYXkuY2gvd3Avd3AtY29udGVudC91cGxvYWRzLzIwMjQvMTAvVHJpc3BsYXlfYnVyZWF1X2NvbmZlcmVuY2UuanBn\"\/>\n\t\t\t\t\t\t<img data-src=\"\/\/www.trisplay.ch\/wp\/wp-content\/uploads\/2024\/09\/Yodeck-reception\uf021.jpg\" data-libid=\"131\" title=\"Yodeck R\u00e9ception\uf021\" width=\"0\" height=\"0\" data-dbsrc=\"Ly93d3cudHJpc3BsYXkuY2gvd3Avd3AtY29udGVudC91cGxvYWRzLzIwMjQvMDkvWW9kZWNrLXJlY2VwdGlvbu+AoS5qcGc=\"\/>\n\t\t\t\t\t\t<img data-src=\"\/\/www.trisplay.ch\/wp\/wp-content\/uploads\/2024\/10\/Trisplay_restaurant_EMS.jpg\" data-libid=\"303\" title=\"Trisplay Restaurant EMS\" width=\"0\" height=\"0\" data-dbsrc=\"Ly93d3cudHJpc3BsYXkuY2gvd3Avd3AtY29udGVudC91cGxvYWRzLzIwMjQvMTAvVHJpc3BsYXlfcmVzdGF1cmFudF9FTVMuanBn\"\/>\n\t\t\t\t\t\t<img data-src=\"\/\/www.trisplay.ch\/wp\/wp-content\/uploads\/2024\/10\/Trisplay_restaurant_entreprise.jpg\" data-libid=\"305\" title=\"Trisplay Restaurant Entreprise\" width=\"0\" height=\"0\" data-dbsrc=\"Ly93d3cudHJpc3BsYXkuY2gvd3Avd3AtY29udGVudC91cGxvYWRzLzIwMjQvMTAvVHJpc3BsYXlfcmVzdGF1cmFudF9lbnRyZXByaXNlLmpwZw==\"\/>\n\t\t\t\t\t\t<img data-src=\"\/\/www.trisplay.ch\/wp\/wp-content\/uploads\/2024\/09\/Yodeck-restaurant\uf021\uf021.jpg\" data-libid=\"166\" alt=\"solution d&#039;affichage dynamique, \u00e9cran, num\u00e9rique, contenu, interactif, logiciel, communication, r\u00e9seau, gestion, publicit\u00e9, visuel, technologie, panneau, diffusion, multim\u00e9dia, interface, utilisateur, installation, configuration, mise, \u00e0, jour, support, syst\u00e8me, entreprise, innovation\" title=\"Yodeck Restaurant, solution d&#8217;affichage dynamique\" width=\"0\" height=\"0\" data-dbsrc=\"Ly93d3cudHJpc3BsYXkuY2gvd3Avd3AtY29udGVudC91cGxvYWRzLzIwMjQvMDkvWW9kZWNrLXJlc3RhdXJhbnTvgKHvgKEuanBn\"\/>\n\t\t\t\t\t\t<img data-src=\"\/\/www.trisplay.ch\/wp\/wp-content\/uploads\/2024\/10\/Trisplay_ems_espace.jpg\" data-libid=\"311\" title=\"Trisplay Ems Espace\" width=\"0\" height=\"0\" data-dbsrc=\"Ly93d3cudHJpc3BsYXkuY2gvd3Avd3AtY29udGVudC91cGxvYWRzLzIwMjQvMTAvVHJpc3BsYXlfZW1zX2VzcGFjZS5qcGc=\"\/>\n\t\t\t\t\t\t<img data-src=\"\/\/www.trisplay.ch\/wp\/wp-content\/uploads\/2024\/10\/Trisplay_entreprise_couloir.jpg\" data-libid=\"309\" title=\"Trisplay Entreprise Couloir\" width=\"0\" height=\"0\" data-dbsrc=\"Ly93d3cudHJpc3BsYXkuY2gvd3Avd3AtY29udGVudC91cGxvYWRzLzIwMjQvMTAvVHJpc3BsYXlfZW50cmVwcmlzZV9jb3Vsb2lyLmpwZw==\"\/>\n\t\t\t\t\t\t<img data-src=\"\/\/www.trisplay.ch\/wp\/wp-content\/uploads\/2024\/09\/Yodeck-sport\uf021.jpg\" data-libid=\"165\" alt=\"Solution d&#039;affichage dynamique, \u00e9cran, num\u00e9rique, contenu, interactif, logiciel, communication, r\u00e9seau, gestion, publicit\u00e9, visuel, technologie, panneau, diffusion, multim\u00e9dia, interface, utilisateur, installation, configuration, mise, \u00e0, jour, support, syst\u00e8me, entreprise, innovation\" title=\"Yodeck Sport Solution d&#8217;affichage dynamique\" width=\"0\" height=\"0\" data-dbsrc=\"Ly93d3cudHJpc3BsYXkuY2gvd3Avd3AtY29udGVudC91cGxvYWRzLzIwMjQvMDkvWW9kZWNrLXNwb3J074ChLmpwZw==\"\/>\n\t\t\t\t\t\t<img data-src=\"\/\/www.trisplay.ch\/wp\/wp-content\/uploads\/2024\/10\/Trisplay_boutique_devanture.jpg\" data-libid=\"314\" title=\"Trisplay Boutique Devanture\" width=\"0\" height=\"0\" data-dbsrc=\"Ly93d3cudHJpc3BsYXkuY2gvd3Avd3AtY29udGVudC91cGxvYWRzLzIwMjQvMTAvVHJpc3BsYXlfYm91dGlxdWVfZGV2YW50dXJlLmpwZw==\"\/>\n\t\t\t\t\t\t<img data-src=\"\/\/www.trisplay.ch\/wp\/wp-content\/uploads\/2024\/10\/Trisplay_entreprise_accueil.jpg\" data-libid=\"313\" title=\"Trisplay Entreprise Accueil\" width=\"0\" height=\"0\" data-dbsrc=\"Ly93d3cudHJpc3BsYXkuY2gvd3Avd3AtY29udGVudC91cGxvYWRzLzIwMjQvMTAvVHJpc3BsYXlfZW50cmVwcmlzZV9hY2N1ZWlsLmpwZw==\"\/>\n\t\t\t\t\t\t<img data-src=\"\/\/www.trisplay.ch\/wp\/wp-content\/uploads\/2025\/05\/Trisplay_restaurant_EMS_DE.jpg\" data-libid=\"1463\" title=\"Trisplay Restaurant EMS DE\" width=\"0\" height=\"0\" data-dbsrc=\"Ly93d3cudHJpc3BsYXkuY2gvd3Avd3AtY29udGVudC91cGxvYWRzLzIwMjUvMDUvVHJpc3BsYXlfcmVzdGF1cmFudF9FTVNfREUuanBn\"\/>\n\t\t\t\t\t\t<img data-src=\"\/\/www.trisplay.ch\/wp\/wp-content\/uploads\/2025\/05\/Trisplay_restaurant_entreprise_DE.jpg\" data-libid=\"1461\" title=\"Trisplay Restaurant Entreprise DE\" width=\"0\" height=\"0\" data-dbsrc=\"Ly93d3cudHJpc3BsYXkuY2gvd3Avd3AtY29udGVudC91cGxvYWRzLzIwMjUvMDUvVHJpc3BsYXlfcmVzdGF1cmFudF9lbnRyZXByaXNlX0RFLmpwZw==\"\/>\n\t\t\t\t\t\t<img data-src=\"\/\/www.trisplay.ch\/wp\/wp-content\/uploads\/2025\/05\/Trisplay_ems_espace_DE.jpg\" data-libid=\"1467\" title=\"Trisplay Ems Espace DE\" width=\"0\" height=\"0\" data-dbsrc=\"Ly93d3cudHJpc3BsYXkuY2gvd3Avd3AtY29udGVudC91cGxvYWRzLzIwMjUvMDUvVHJpc3BsYXlfZW1zX2VzcGFjZV9ERS5qcGc=\"\/>\n\t\t\t\t\t\t<img data-src=\"\/\/www.trisplay.ch\/wp\/wp-content\/uploads\/2025\/05\/Trisplay_entreprise_couloir_DE.jpg\" data-libid=\"1465\" title=\"Trisplay Entreprise Couloir DE\" width=\"0\" height=\"0\" data-dbsrc=\"Ly93d3cudHJpc3BsYXkuY2gvd3Avd3AtY29udGVudC91cGxvYWRzLzIwMjUvMDUvVHJpc3BsYXlfZW50cmVwcmlzZV9jb3Vsb2lyX0RFLmpwZw==\"\/>\n\t\t\t\t\t\t<img data-src=\"\/\/www.trisplay.ch\/wp\/wp-content\/uploads\/2025\/05\/Trisplay_entreprise_accueil_DE.jpg\" data-libid=\"1469\" title=\"Trisplay Entreprise Accueil DE\" width=\"0\" height=\"0\" data-dbsrc=\"Ly93d3cudHJpc3BsYXkuY2gvd3Avd3AtY29udGVudC91cGxvYWRzLzIwMjUvMDUvVHJpc3BsYXlfZW50cmVwcmlzZV9hY2N1ZWlsX0RFLmpwZw==\"\/>\n\t\t\t\t\t<\/image_lists>\n\t\t\t\t<\/sr7-module>\n\t\t\t\t<script>\n\t\t\t\t\tSR7.PMH ??={}; SR7.PMH[\"SR7_7_1\"] = {cn:0,state:false,fn: function() { if (_tpt!==undefined && _tpt.prepareModuleHeight !== undefined) {  _tpt.prepareModuleHeight({id:\"SR7_7_1\",el:[900,900,768,960,720],type:'standard',shdw:'0',gh:[900,900,768,960,720],gw:[1240,1240,1024,778,480],vpt:['100px&#039;,&#039;100px&#039;,&#039;100px&#039;,&#039;100px&#039;,&#039;100px'],size:{fullWidth:true, fullHeight:true},fho:'#masthead,',mh:'0',onh:0,onw:0,bg:{color:'{\"type\":\"solid\",\"orig\":\"#33509f\",\"string\":\"rgba(51, 80, 159, 1)\"}'}});   SR7.PMH[\"SR7_7_1\"].state=true;} else if((SR7.PMH[\"SR7_7_1\"].cn++)<100)\tsetTimeout( SR7.PMH[\"SR7_7_1\"].fn,19);}};SR7.PMH[\"SR7_7_1\" ].fn();\n\t\t\t\t<\/script>\n<\/div>\n<div id='av_section_1'  class='avia-section av-m7d30-e9afd635f1271a1d50e6a22af408ff04 main_color avia-section-default avia-no-border-styling  avia-builder-el-1  el_after_av_revolutionslider  avia-builder-el-last  avia-bg-style-scroll container_wrap fullsize'  ><div class='container av-section-cont-open' ><div class='template-page content  av-content-full alpha units'><div class='post-entry post-entry-type-page post-entry-529'><div class='entry-content-wrapper clearfix'>\n<div class='flex_column_table av-dpc3w-8a412e8c37d6cc8e32b8538115a5d8d8 sc-av_three_fourth av-equal-height-column-flextable'><div  class='flex_column av-dpc3w-8a412e8c37d6cc8e32b8538115a5d8d8 av_three_fourth  avia-builder-el-2  avia-builder-el-no-sibling  first flex_column_table_cell av-equal-height-column av-align-middle  '     ><p>\n<style type=\"text\/css\" data-created_by=\"avia_inline_auto\" id=\"style-css-av-m0fchltl-1703bfc86c87cbc13024f7a4eb053a4a\">\n#top .av-special-heading.av-m0fchltl-1703bfc86c87cbc13024f7a4eb053a4a{\npadding-bottom:10px;\n}\nbody .av-special-heading.av-m0fchltl-1703bfc86c87cbc13024f7a4eb053a4a .av-special-heading-tag .heading-char{\nfont-size:25px;\n}\n.av-special-heading.av-m0fchltl-1703bfc86c87cbc13024f7a4eb053a4a .av-subheading{\nfont-size:15px;\n}\n<\/style>\n<div  class='av-special-heading av-m0fchltl-1703bfc86c87cbc13024f7a4eb053a4a av-special-heading-h2 blockquote modern-quote modern-centered  avia-builder-el-3  el_before_av_textblock  avia-builder-el-first '><h2 class='av-special-heading-tag '  itemprop=\"headline\"  >Wie funktioniert TrisPlay ?<\/h2><div class=\"special-heading-border\"><div class=\"special-heading-inner-border\"><\/div><\/div><\/div><br \/>\n<section  class='av_textblock_section av-m0fcigf5-67d991f623d5f382494a5448f21b98d9 '   itemscope=\"itemscope\" itemtype=\"https:\/\/schema.org\/CreativeWork\" ><div class='avia_textblock'  itemprop=\"text\" ><p style=\"text-align: center;\"><strong>Trisplay ist eine zentral gehostete Software, die mit Bildschirmen ausgestattet ist, die ein TrisBox-Ger\u00e4t verwenden !<\/strong><\/p>\n<p class=\"\" style=\"text-align: center;\" data-start=\"158\" data-end=\"277\">Nachdem diese Elemente von unseren Teams konfiguriert und die Bildschirme verbunden wurden, k\u00f6nnen Sie sofort loslegen!<\/p>\n<p class=\"\" style=\"text-align: center;\" data-start=\"279\" data-end=\"415\">Und es ist ganz einfach, Ihre Inhalte sofort zum Strahlen zu bringen, indem Sie auf zahlreiche Bildschirm-Layout-Vorlagen zur\u00fcckgreifen.<\/p>\n<p class=\"\" style=\"text-align: center;\" data-start=\"417\" data-end=\"625\">M\u00f6chten Sie sich inspirieren lassen, um das Layout Ihrer Bildschirme weiter zu individualisieren? Alle unsere Layout-Vorlagen sind vollst\u00e4ndig anpassbar, damit jede Anzeige Ihrer eigenen Identit\u00e4t entspricht.<\/p>\n<p class=\"\" style=\"text-align: center;\" data-start=\"627\" data-end=\"758\">Sind Sie mit Ihrem Inhalt zufrieden? Verbreiten Sie ihn mit nur einem weiteren Klick auf die von Ihnen gew\u00e4hlten Bildschirmgruppen.<\/p>\n<\/div><\/section><br \/>\n\n<style type=\"text\/css\" data-created_by=\"avia_inline_auto\" id=\"style-css-av-m0fcgusa-bf675195520d5d1a2056f00ae76b9914\">\n.avia-image-container.av-m0fcgusa-bf675195520d5d1a2056f00ae76b9914 img.avia_image{\nbox-shadow:none;\n}\n.avia-image-container.av-m0fcgusa-bf675195520d5d1a2056f00ae76b9914 .av-image-caption-overlay-center{\ncolor:#ffffff;\n}\n<\/style>\n<div  class='avia-image-container av-m0fcgusa-bf675195520d5d1a2056f00ae76b9914 av-styling- avia-align-center  avia-builder-el-5  el_after_av_textblock  avia-builder-el-last '   itemprop=\"image\" itemscope=\"itemscope\" itemtype=\"https:\/\/schema.org\/ImageObject\" ><div class=\"avia-image-container-inner\"><div class=\"avia-image-overlay-wrap\"><img decoding=\"async\" fetchpriority=\"high\" class='wp-image-1555 avia-img-lazy-loading-not-1555 avia_image ' src=\"https:\/\/www.trisplay.ch\/wp\/wp-content\/uploads\/2025\/05\/Trisbox-compo-de-1030x378.png\" alt='' title='Trisbox Compo De'  height=\"378\" width=\"1030\"  itemprop=\"thumbnailUrl\" srcset=\"https:\/\/www.trisplay.ch\/wp\/wp-content\/uploads\/2025\/05\/Trisbox-compo-de-1030x378.png 1030w, https:\/\/www.trisplay.ch\/wp\/wp-content\/uploads\/2025\/05\/Trisbox-compo-de-300x110.png 300w, https:\/\/www.trisplay.ch\/wp\/wp-content\/uploads\/2025\/05\/Trisbox-compo-de-768x282.png 768w, https:\/\/www.trisplay.ch\/wp\/wp-content\/uploads\/2025\/05\/Trisbox-compo-de-1536x563.png 1536w, https:\/\/www.trisplay.ch\/wp\/wp-content\/uploads\/2025\/05\/Trisbox-compo-de-1500x550.png 1500w, https:\/\/www.trisplay.ch\/wp\/wp-content\/uploads\/2025\/05\/Trisbox-compo-de-705x258.png 705w, https:\/\/www.trisplay.ch\/wp\/wp-content\/uploads\/2025\/05\/Trisbox-compo-de.png 1683w\" sizes=\"(max-width: 1030px) 100vw, 1030px\" \/><\/div><\/div><\/div><\/p><\/div><\/div><!--close column table wrapper. Autoclose: 1 -->\n","protected":false},"excerpt":{"rendered":"","protected":false},"author":1,"featured_media":0,"parent":0,"menu_order":0,"comment_status":"closed","ping_status":"closed","template":"","meta":{"_acf_changed":false,"footnotes":""},"class_list":["post-529","page","type-page","status-publish","hentry"],"acf":[],"yoast_head":"<!-- This site is optimized with the Yoast SEO plugin v23.4 - https:\/\/yoast.com\/wordpress\/plugins\/seo\/ -->\n<title>Multi-Bildschirm-Verwaltung in Lausanne und Genf | Trisplay-L\u00f6sungen<\/title>\n<meta name=\"description\" content=\"Professionelle L\u00f6sungen f\u00fcr die Verwaltung und Anzeige von Multi-Bildschirmen f\u00fcr Unternehmen in Lausanne und Genf. Optimieren Sie Ihre visuelle Kommunikation mit Trisplay.\" \/>\n<meta name=\"robots\" content=\"index, follow, max-snippet:-1, max-image-preview:large, max-video-preview:-1\" \/>\n<link rel=\"canonical\" href=\"https:\/\/www.trisplay.ch\/de\/anwendungsfaelle\/\" \/>\n<meta property=\"og:locale\" content=\"de_DE\" \/>\n<meta property=\"og:type\" content=\"article\" \/>\n<meta property=\"og:title\" content=\"Multi-Bildschirm-Verwaltung in Lausanne und Genf | Trisplay-L\u00f6sungen\" \/>\n<meta property=\"og:description\" content=\"Professionelle L\u00f6sungen f\u00fcr die Verwaltung und Anzeige von Multi-Bildschirmen f\u00fcr Unternehmen in Lausanne und Genf. Optimieren Sie Ihre visuelle Kommunikation mit Trisplay.\" \/>\n<meta property=\"og:url\" content=\"https:\/\/www.trisplay.ch\/de\/anwendungsfaelle\/\" \/>\n<meta property=\"og:site_name\" content=\"Tris Play\" \/>\n<meta property=\"article:modified_time\" content=\"2025-05-05T08:30:45+00:00\" \/>\n<meta property=\"og:image\" content=\"https:\/\/www.trisplay.ch\/wp\/wp-content\/uploads\/2024\/09\/Removal-870-Copie.png\" \/>\n\t<meta property=\"og:image:width\" content=\"600\" \/>\n\t<meta property=\"og:image:height\" content=\"600\" \/>\n\t<meta property=\"og:image:type\" content=\"image\/png\" \/>\n<meta name=\"twitter:card\" content=\"summary_large_image\" \/>\n<meta name=\"twitter:label1\" content=\"Est. reading time\" \/>\n\t<meta name=\"twitter:data1\" content=\"5 minutes\" \/>\n<script type=\"application\/ld+json\" class=\"yoast-schema-graph\">{\"@context\":\"https:\/\/schema.org\",\"@graph\":[{\"@type\":\"WebPage\",\"@id\":\"https:\/\/www.trisplay.ch\/de\/anwendungsfaelle\/\",\"url\":\"https:\/\/www.trisplay.ch\/de\/anwendungsfaelle\/\",\"name\":\"Multi-Bildschirm-Verwaltung in Lausanne und Genf | Trisplay-L\u00f6sungen\",\"isPartOf\":{\"@id\":\"https:\/\/www.trisplay.ch\/de\/#website\"},\"datePublished\":\"2024-08-29T13:00:09+00:00\",\"dateModified\":\"2025-05-05T08:30:45+00:00\",\"description\":\"Professionelle L\u00f6sungen f\u00fcr die Verwaltung und Anzeige von Multi-Bildschirmen f\u00fcr Unternehmen in Lausanne und Genf. Optimieren Sie Ihre visuelle Kommunikation mit Trisplay.\",\"breadcrumb\":{\"@id\":\"https:\/\/www.trisplay.ch\/de\/anwendungsfaelle\/#breadcrumb\"},\"inLanguage\":\"de-DE\",\"potentialAction\":[{\"@type\":\"ReadAction\",\"target\":[\"https:\/\/www.trisplay.ch\/de\/anwendungsfaelle\/\"]}]},{\"@type\":\"BreadcrumbList\",\"@id\":\"https:\/\/www.trisplay.ch\/de\/anwendungsfaelle\/#breadcrumb\",\"itemListElement\":[{\"@type\":\"ListItem\",\"position\":1,\"name\":\"Accueil\",\"item\":\"https:\/\/www.trisplay.ch\/de\/startseite\/\"},{\"@type\":\"ListItem\",\"position\":2,\"name\":\"Anwendungsf\u00e4lle\"}]},{\"@type\":\"WebSite\",\"@id\":\"https:\/\/www.trisplay.ch\/de\/#website\",\"url\":\"https:\/\/www.trisplay.ch\/de\/\",\"name\":\"Tris Play\",\"description\":\"Ihre Inhalte auf allen Bildschirmen in einem Augenblick\",\"publisher\":{\"@id\":\"https:\/\/www.trisplay.ch\/de\/#organization\"},\"potentialAction\":[{\"@type\":\"SearchAction\",\"target\":{\"@type\":\"EntryPoint\",\"urlTemplate\":\"https:\/\/www.trisplay.ch\/de\/?s={search_term_string}\"},\"query-input\":{\"@type\":\"PropertyValueSpecification\",\"valueRequired\":true,\"valueName\":\"search_term_string\"}}],\"inLanguage\":\"de-DE\"},{\"@type\":\"Organization\",\"@id\":\"https:\/\/www.trisplay.ch\/de\/#organization\",\"name\":\"Tris Informatique\",\"alternateName\":\"Tris\",\"url\":\"https:\/\/www.trisplay.ch\/de\/\",\"logo\":{\"@type\":\"ImageObject\",\"inLanguage\":\"de-DE\",\"@id\":\"https:\/\/www.trisplay.ch\/de\/#\/schema\/logo\/image\/\",\"url\":\"https:\/\/www.trisplay.ch\/wp\/wp-content\/uploads\/2025\/05\/logo-Tris-.png\",\"contentUrl\":\"https:\/\/www.trisplay.ch\/wp\/wp-content\/uploads\/2025\/05\/logo-Tris-.png\",\"width\":300,\"height\":243,\"caption\":\"Tris Informatique\"},\"image\":{\"@id\":\"https:\/\/www.trisplay.ch\/de\/#\/schema\/logo\/image\/\"}}]}<\/script>\n<!-- \/ Yoast SEO plugin. -->","yoast_head_json":{"title":"Multi-Bildschirm-Verwaltung in Lausanne und Genf | Trisplay-L\u00f6sungen","description":"Professionelle L\u00f6sungen f\u00fcr die Verwaltung und Anzeige von Multi-Bildschirmen f\u00fcr Unternehmen in Lausanne und Genf. Optimieren Sie Ihre visuelle Kommunikation mit Trisplay.","robots":{"index":"index","follow":"follow","max-snippet":"max-snippet:-1","max-image-preview":"max-image-preview:large","max-video-preview":"max-video-preview:-1"},"canonical":"https:\/\/www.trisplay.ch\/de\/anwendungsfaelle\/","og_locale":"de_DE","og_type":"article","og_title":"Multi-Bildschirm-Verwaltung in Lausanne und Genf | Trisplay-L\u00f6sungen","og_description":"Professionelle L\u00f6sungen f\u00fcr die Verwaltung und Anzeige von Multi-Bildschirmen f\u00fcr Unternehmen in Lausanne und Genf. Optimieren Sie Ihre visuelle Kommunikation mit Trisplay.","og_url":"https:\/\/www.trisplay.ch\/de\/anwendungsfaelle\/","og_site_name":"Tris Play","article_modified_time":"2025-05-05T08:30:45+00:00","og_image":[{"width":600,"height":600,"url":"https:\/\/www.trisplay.ch\/wp\/wp-content\/uploads\/2024\/09\/Removal-870-Copie.png","type":"image\/png"}],"twitter_card":"summary_large_image","twitter_misc":{"Est. reading time":"5 minutes"},"schema":{"@context":"https:\/\/schema.org","@graph":[{"@type":"WebPage","@id":"https:\/\/www.trisplay.ch\/de\/anwendungsfaelle\/","url":"https:\/\/www.trisplay.ch\/de\/anwendungsfaelle\/","name":"Multi-Bildschirm-Verwaltung in Lausanne und Genf | Trisplay-L\u00f6sungen","isPartOf":{"@id":"https:\/\/www.trisplay.ch\/de\/#website"},"datePublished":"2024-08-29T13:00:09+00:00","dateModified":"2025-05-05T08:30:45+00:00","description":"Professionelle L\u00f6sungen f\u00fcr die Verwaltung und Anzeige von Multi-Bildschirmen f\u00fcr Unternehmen in Lausanne und Genf. Optimieren Sie Ihre visuelle Kommunikation mit Trisplay.","breadcrumb":{"@id":"https:\/\/www.trisplay.ch\/de\/anwendungsfaelle\/#breadcrumb"},"inLanguage":"de-DE","potentialAction":[{"@type":"ReadAction","target":["https:\/\/www.trisplay.ch\/de\/anwendungsfaelle\/"]}]},{"@type":"BreadcrumbList","@id":"https:\/\/www.trisplay.ch\/de\/anwendungsfaelle\/#breadcrumb","itemListElement":[{"@type":"ListItem","position":1,"name":"Accueil","item":"https:\/\/www.trisplay.ch\/de\/startseite\/"},{"@type":"ListItem","position":2,"name":"Anwendungsf\u00e4lle"}]},{"@type":"WebSite","@id":"https:\/\/www.trisplay.ch\/de\/#website","url":"https:\/\/www.trisplay.ch\/de\/","name":"Tris Play","description":"Ihre Inhalte auf allen Bildschirmen in einem Augenblick","publisher":{"@id":"https:\/\/www.trisplay.ch\/de\/#organization"},"potentialAction":[{"@type":"SearchAction","target":{"@type":"EntryPoint","urlTemplate":"https:\/\/www.trisplay.ch\/de\/?s={search_term_string}"},"query-input":{"@type":"PropertyValueSpecification","valueRequired":true,"valueName":"search_term_string"}}],"inLanguage":"de-DE"},{"@type":"Organization","@id":"https:\/\/www.trisplay.ch\/de\/#organization","name":"Tris Informatique","alternateName":"Tris","url":"https:\/\/www.trisplay.ch\/de\/","logo":{"@type":"ImageObject","inLanguage":"de-DE","@id":"https:\/\/www.trisplay.ch\/de\/#\/schema\/logo\/image\/","url":"https:\/\/www.trisplay.ch\/wp\/wp-content\/uploads\/2025\/05\/logo-Tris-.png","contentUrl":"https:\/\/www.trisplay.ch\/wp\/wp-content\/uploads\/2025\/05\/logo-Tris-.png","width":300,"height":243,"caption":"Tris Informatique"},"image":{"@id":"https:\/\/www.trisplay.ch\/de\/#\/schema\/logo\/image\/"}}]}},"_links":{"self":[{"href":"https:\/\/www.trisplay.ch\/de\/wp-json\/wp\/v2\/pages\/529","targetHints":{"allow":["GET"]}}],"collection":[{"href":"https:\/\/www.trisplay.ch\/de\/wp-json\/wp\/v2\/pages"}],"about":[{"href":"https:\/\/www.trisplay.ch\/de\/wp-json\/wp\/v2\/types\/page"}],"author":[{"embeddable":true,"href":"https:\/\/www.trisplay.ch\/de\/wp-json\/wp\/v2\/users\/1"}],"replies":[{"embeddable":true,"href":"https:\/\/www.trisplay.ch\/de\/wp-json\/wp\/v2\/comments?post=529"}],"version-history":[{"count":6,"href":"https:\/\/www.trisplay.ch\/de\/wp-json\/wp\/v2\/pages\/529\/revisions"}],"predecessor-version":[{"id":1558,"href":"https:\/\/www.trisplay.ch\/de\/wp-json\/wp\/v2\/pages\/529\/revisions\/1558"}],"wp:attachment":[{"href":"https:\/\/www.trisplay.ch\/de\/wp-json\/wp\/v2\/media?parent=529"}],"curies":[{"name":"wp","href":"https:\/\/api.w.org\/{rel}","templated":true}]}}